{"id":1499,"date":"2019-06-18T07:42:23","date_gmt":"2019-06-17T23:42:23","guid":{"rendered":"https:\/\/dkhk.org\/wp\/willkommen\/?page_id=1499"},"modified":"2021-06-15T11:46:35","modified_gmt":"2021-06-15T03:46:35","slug":"gemeinderundbriefe","status":"publish","type":"page","link":"https:\/\/dkhk.org\/wp\/willkommen\/?page_id=1499","title":{"rendered":"Gemeinderundbriefe"},"content":{"rendered":"\t\t<div data-elementor-type=\"wp-post\" data-elementor-id=\"1499\" class=\"elementor elementor-1499\">\n\t\t\t\t\t\t<section class=\"elementor-section elementor-top-section elementor-element elementor-element-90c60c5 elementor-section-boxed elementor-section-height-default elementor-section-height-default\" data-id=\"90c60c5\" data-element_type=\"section\">\n\t\t\t\t\t\t<div class=\"elementor-container elementor-column-gap-default\">\n\t\t\t\t\t<div class=\"elementor-column elementor-col-100 elementor-top-column elementor-element elementor-element-ef6318f\" data-id=\"ef6318f\" data-element_type=\"column\">\n\t\t\t<div class=\"elementor-widget-wrap elementor-element-populated\">\n\t\t\t\t\t\t<div class=\"elementor-element elementor-element-6eaeb42 elementor-widget elementor-widget-heading\" data-id=\"6eaeb42\" data-element_type=\"widget\" data-widget_type=\"heading.default\">\n\t\t\t\t<div class=\"elementor-widget-container\">\n\t\t\t<h1 class=\"elementor-heading-title elementor-size-default\">Gemeinderundbriefe<\/h1>\t\t<\/div>\n\t\t\t\t<\/div>\n\t\t\t\t<div class=\"elementor-element elementor-element-a67a24f elementor-widget elementor-widget-text-editor\" data-id=\"a67a24f\" data-element_type=\"widget\" data-widget_type=\"text-editor.default\">\n\t\t\t\t<div class=\"elementor-widget-container\">\n\t\t\t\t\t\t\t<p>Wenn Sie den Gemeinderundbrief regelm\u00e4\u00dfig erhalten wollen, wenden Sie sich bitte an das <a href=\"mailto:sekretariat@dkhk.org\">Sekretariat<\/a>.<\/p>\t\t\t\t\t\t<\/div>\n\t\t\t\t<\/div>\n\t\t\t\t<section class=\"elementor-section elementor-inner-section elementor-element elementor-element-a87e0c9 elementor-section-boxed elementor-section-height-default elementor-section-height-default\" data-id=\"a87e0c9\" data-element_type=\"section\">\n\t\t\t\t\t\t<div class=\"elementor-container elementor-column-gap-default\">\n\t\t\t\t\t<div class=\"elementor-column elementor-col-33 elementor-inner-column elementor-element elementor-element-84aac2b\" data-id=\"84aac2b\" data-element_type=\"column\">\n\t\t\t<div class=\"elementor-widget-wrap elementor-element-populated\">\n\t\t\t\t\t\t<div class=\"elementor-element elementor-element-4894e6d elementor-widget elementor-widget-heading\" data-id=\"4894e6d\" data-element_type=\"widget\" data-widget_type=\"heading.default\">\n\t\t\t\t<div class=\"elementor-widget-container\">\n\t\t\t<h2 class=\"elementor-heading-title elementor-size-default\">2021<\/h2>\t\t<\/div>\n\t\t\t\t<\/div>\n\t\t\t\t<div class=\"elementor-element elementor-element-1232a5e elementor-widget elementor-widget-text-editor\" data-id=\"1232a5e\" data-element_type=\"widget\" data-widget_type=\"text-editor.default\">\n\t\t\t\t<div class=\"elementor-widget-container\">\n\t\t\t\t\t\t\t<p style=\"text-align: left;\"><a href=\"https:\/\/mailchi.mp\/392c9003220d\/gemeinderundbrief-woche-6278814\" target=\"_blank\" rel=\"noopener\">Woche vom 14. Juni 2021<\/a><\/p><p style=\"text-align: left;\"><a href=\"https:\/\/mailchi.mp\/6922dd73a226\/gemeinderundbrief-woche-6274298\" target=\"_blank\" rel=\"noopener\">Woche vom 31. Mai 2021<\/a><\/p><p style=\"text-align: left;\"><a href=\"https:\/\/mailchi.mp\/1b3688a56c5b\/gemeinderundbrief-woche-6270422\">Woche vom 17. Mai 2021<\/a>\u00a0<\/p><p style=\"text-align: left;\"><a href=\"https:\/\/mailchi.mp\/b8d1ff5af703\/gemeinderundbrief-woche-6266750\" target=\"_blank\" rel=\"noopener\">Woche vom 3. Mai 2021<\/a><\/p><p style=\"text-align: left;\"><a href=\"https:\/\/mailchi.mp\/73c630492f77\/gemeinderundbrief-woche-6263206\" target=\"_blank\" rel=\"noopener\">Woche vom 19. April 2021<\/a><\/p><p style=\"text-align: left;\"><a href=\"https:\/\/mailchi.mp\/8f50cc1a808e\/gemeinderundbrief-woche-6249470\" target=\"_blank\" rel=\"noopener\">Woche vom 29. M\u00e4rz 2021<\/a><\/p><p style=\"text-align: left;\"><a href=\"http:\/\/mailchi.mp\/1bd6814b4c92\/gemeinderundbrief-woche-6235962\" target=\"_blank\" rel=\"noopener\">Woche vom 15. M\u00e4rz 2021<\/a><\/p><p style=\"text-align: left;\"><a href=\"https:\/\/mailchi.mp\/487c93bdd2c9\/gemeinderundbrief-woche-6159058\" target=\"_blank\" rel=\"noopener\">Woche vom 1. M\u00e4rz 2021<\/a><\/p><p style=\"text-align: left;\"><a style=\"font-size: 15px; background-color: #ffffff;\" href=\"https:\/\/mailchi.mp\/f341b3ea103a\/gemeinderundbrief-woche-6154874\" target=\"_blank\" rel=\"noopener\">Woche vom 15. Februar 2021<\/a><\/p><p style=\"text-align: left;\"><a href=\"https:\/\/mailchi.mp\/9c9991e48643\/gemeinderundbrief-woche-5860878\" target=\"_blank\" rel=\"noopener\">Woche vom 1. Februar 2021<\/a><\/p><p style=\"text-align: left;\"><a href=\"https:\/\/mailchi.mp\/56abf2af39c5\/gemeinderundbrief-woche-18012021\" target=\"_blank\" rel=\"noopener\">Woche vom 18. Januar 2021<\/a><\/p><p style=\"text-align: left;\"><a href=\"https:\/\/mailchi.mp\/18da78f7f9aa\/gemeinderundbrief-gottesdienst20200614-5852270\" target=\"_blank\" rel=\"noopener\">Woche vom 10. Januar 2021<\/a><\/p><p style=\"text-align: left;\">\u00a0<\/p>\t\t\t\t\t\t<\/div>\n\t\t\t\t<\/div>\n\t\t\t\t\t<\/div>\n\t\t<\/div>\n\t\t\t\t<div class=\"elementor-column elementor-col-33 elementor-inner-column elementor-element elementor-element-0de6f0a\" data-id=\"0de6f0a\" data-element_type=\"column\">\n\t\t\t<div class=\"elementor-widget-wrap elementor-element-populated\">\n\t\t\t\t\t\t<div class=\"elementor-element elementor-element-252204c elementor-widget elementor-widget-heading\" data-id=\"252204c\" data-element_type=\"widget\" data-widget_type=\"heading.default\">\n\t\t\t\t<div class=\"elementor-widget-container\">\n\t\t\t<h2 class=\"elementor-heading-title elementor-size-default\">2020<\/h2>\t\t<\/div>\n\t\t\t\t<\/div>\n\t\t\t\t<div class=\"elementor-element elementor-element-49403f6 elementor-widget elementor-widget-text-editor\" data-id=\"49403f6\" data-element_type=\"widget\" data-widget_type=\"text-editor.default\">\n\t\t\t\t<div class=\"elementor-widget-container\">\n\t\t\t\t\t\t\t<p style=\"text-align: left;\"><a href=\"https:\/\/mailchi.mp\/6229697c302b\/gemeinderundbrief-woche-5846134\" target=\"_blank\" rel=\"noopener\">Woche vom 21. Dezember 2020<\/a><\/p><p style=\"text-align: left;\"><a href=\"https:\/\/mailchi.mp\/5a609fd9d1f3\/gemeinderundbrief-woche-4911654\" target=\"_blank\" rel=\"noopener\">Woche vom 14. Dezember 2020<\/a><\/p><p style=\"text-align: left;\"><a href=\"https:\/\/mailchi.mp\/abc0754a8ab6\/gemeinderundbrief-woche-30112001\" target=\"_blank\" rel=\"noopener\">Woche vom 30. November 2020<\/a><\/p><p style=\"text-align: left;\"><a href=\"https:\/\/mailchi.mp\/a6f72ce47a6d\/gemeinderundbrief-woche-20201116\" target=\"_blank\" rel=\"noopener\">Woche vom 16. November 2020<\/a><\/p><p style=\"text-align: left;\"><a href=\"https:\/\/mailchi.mp\/6eb5c65fa30a\/gemeinderundbrief-woche-02112020\" target=\"_blank\" rel=\"noopener\">Woche vom 2. November 2020<\/a><\/p><p style=\"text-align: left;\"><a href=\"https:\/\/mailchi.mp\/5560c0561f75\/gemeinderundbrief-woche-19102020\" target=\"_blank\" rel=\"noopener\">Woche vom 19. Oktober 2020<\/a><\/p><p style=\"text-align: left;\"><a href=\"https:\/\/mailchi.mp\/dac01d258873\/gemeinderundbrief-woche-4877106\" target=\"_blank\" rel=\"noopener\">Woche vom 5. Oktober 2020<\/a><\/p><p style=\"text-align: left;\"><a href=\"https:\/\/mailchi.mp\/8312e9ac5e5f\/gemeinderundbrief-woche-20200921\" target=\"_blank\" rel=\"noopener\">Woche vom 21. September 2020<\/a><\/p><p style=\"text-align: left;\"><a href=\"https:\/\/mailchi.mp\/cc26047addfb\/gemeinderundbrief-woche-4862006\" target=\"_blank\" rel=\"noopener\">Woche vom 7. September 2020<\/a><\/p><p style=\"text-align: left;\"><a href=\"https:\/\/mailchi.mp\/9f3699a0f6b4\/gemeinderundbrief-woche-4850018\" target=\"_blank\" rel=\"noopener\">Woche vom 10. August 2020<\/a><\/p><p style=\"text-align: left;\"><a href=\"https:\/\/mailchi.mp\/148e4c7fac60\/gemeinderundbrief-woche-20200622-2\" target=\"_blank\" rel=\"noopener\">Woche vom 22. Juni 2020<\/a><\/p><p style=\"text-align: left;\"><span style=\"color: #c00000;\"><a style=\"font-size: 15px; font-style: normal; font-weight: 400; background-color: #ffffff; color: #c00000;\" href=\"https:\/\/mailchi.mp\/42fa2be0d0a9\/gemeinderundbrief-woche-4816837\" target=\"_blank\" rel=\"noopener\">Woche vom 8. Juni 2020<\/a><\/span><\/p><p style=\"text-align: left;\"><a href=\"https:\/\/mailchi.mp\/2ee2ac8ee5ec\/gemeinderundbrief-woche-4807785\" target=\"_blank\" rel=\"noopener\">Woche vom 25. Mai 2020<\/a><\/p><p style=\"text-align: left;\"><a href=\"https:\/\/mailchi.mp\/10a42ed5faf2\/gemeinderundbrief-woche-20200409-4798221\" target=\"_blank\" rel=\"noopener\">Woche vom 11. Mai 2020<\/a><\/p><p style=\"text-align: left;\"><a href=\"https:\/\/mailchi.mp\/870577530e43\/gemeinderundbrief-woche-20200427\" target=\"_blank\" rel=\"noopener\">Woche vom 27. April 2020<\/a><\/p><p style=\"text-align: left;\"><a href=\"https:\/\/mailchi.mp\/860a61fdcee1\/gemeinderundbrief-woche-4426381\" target=\"_blank\" rel=\"noopener\">Woche vom 13. April 2020<\/a><\/p><p style=\"text-align: left;\"><a href=\"https:\/\/mailchi.mp\/6c957af30203\/gemeinderundbrief-woche-20200406\" target=\"_blank\" rel=\"noopener\">Woche vom 6. April 2020<\/a><\/p><p style=\"text-align: left;\"><a href=\"https:\/\/mailchi.mp\/60b5271d0b9f\/gemeinderundbrief-woche-4402394\" target=\"_blank\" rel=\"noopener\">Woche vom 23. M\u00e4rz 2020<\/a><\/p><p style=\"text-align: left;\"><a href=\"https:\/\/mailchi.mp\/406359817209\/gemeinderundbrief-woche-09032020\" target=\"_blank\" rel=\"noopener\">Woche\u00a0<span style=\"font-size: 15px; font-style: normal; font-weight: 400;\">vom<\/span><span style=\"font-size: 15px; font-style: normal; font-weight: 400;\">\u00a09. M\u00e4rz 2020<\/span><\/a><\/p><p style=\"text-align: left;\"><span style=\"color: #c00000;\"><a style=\"font-size: 15px; font-style: normal; font-weight: 400; background-color: #ffffff; color: #c00000;\" href=\"https:\/\/mailchi.mp\/bb29a74b0ba2\/gemeinderundbrief-woche-24022020\" target=\"_blank\" rel=\"noopener\">Woche vom 24. Februar 2020<\/a><\/span><\/p><p style=\"text-align: left;\"><a style=\"font-size: 15px; font-style: normal; font-weight: 400; background-color: #ffffff;\" href=\"https:\/\/mailchi.mp\/7b7bca7c32c1\/gemeinderundbrief-woche-02-12-4028454\" target=\"_blank\" rel=\"noopener\">Woche vom 10. Februar 2020<\/a><\/p><p style=\"text-align: left;\"><a href=\"https:\/\/mailchi.mp\/8d0a00b12525\/gemeinderundbrief-woche-02-12-4026101\" target=\"_blank\" rel=\"noopener\">Woche vom 6. Januar 2020<\/a><\/p><p style=\"text-align: left;\">\u00a0<\/p>\t\t\t\t\t\t<\/div>\n\t\t\t\t<\/div>\n\t\t\t\t\t<\/div>\n\t\t<\/div>\n\t\t\t\t<div class=\"elementor-column elementor-col-33 elementor-inner-column elementor-element elementor-element-18cea6a\" data-id=\"18cea6a\" data-element_type=\"column\">\n\t\t\t<div class=\"elementor-widget-wrap elementor-element-populated\">\n\t\t\t\t\t\t<div class=\"elementor-element elementor-element-f26484e elementor-widget elementor-widget-heading\" data-id=\"f26484e\" data-element_type=\"widget\" data-widget_type=\"heading.default\">\n\t\t\t\t<div class=\"elementor-widget-container\">\n\t\t\t<h2 class=\"elementor-heading-title elementor-size-default\">Archiv<\/h2>\t\t<\/div>\n\t\t\t\t<\/div>\n\t\t\t\t<div class=\"elementor-element elementor-element-a2b15ae elementor-align-left elementor-widget elementor-widget-button\" data-id=\"a2b15ae\" data-element_type=\"widget\" data-widget_type=\"button.default\">\n\t\t\t\t<div class=\"elementor-widget-container\">\n\t\t\t\t\t<div class=\"elementor-button-wrapper\">\n\t\t\t<a class=\"elementor-button elementor-button-link elementor-size-sm\" href=\"https:\/\/dkhk.org\/wp\/willkommen\/?page_id=2144\" target=\"_blank\">\n\t\t\t\t\t\t<span class=\"elementor-button-content-wrapper\">\n\t\t\t\t\t\t\t\t\t<span class=\"elementor-button-text\">2018-2019<\/span>\n\t\t\t\t\t<\/span>\n\t\t\t\t\t<\/a>\n\t\t<\/div>\n\t\t\t\t<\/div>\n\t\t\t\t<\/div>\n\t\t\t\t\t<\/div>\n\t\t<\/div>\n\t\t\t\t\t<\/div>\n\t\t<\/section>\n\t\t\t\t\t<\/div>\n\t\t<\/div>\n\t\t\t\t\t<\/div>\n\t\t<\/section>\n\t\t\t\t<\/div>\n\t\t","protected":false},"excerpt":{"rendered":"<p>Gemeinderundbriefe Wenn Sie den Gemeinderundbrief regelm\u00e4\u00dfig erhalten wollen, wenden Sie sich bitte an das Sekretariat. 2021 Woche vom 14. Juni 2021 Woche vom 31. Mai 2021 Woche vom 17. Mai 2021\u00a0 Woche vom 3. Mai 2021 Woche vom 19. April 2021 Woche vom 29. M\u00e4rz 2021 Woche vom 15. M\u00e4rz 2021 Woche vom 1. M\u00e4rz [&hellip;]<\/p>\n","protected":false},"author":1,"featured_media":0,"parent":0,"menu_order":0,"comment_status":"closed","ping_status":"closed","template":"","meta":{"_et_pb_use_builder":"","_et_pb_old_content":"","_et_gb_content_width":"","footnotes":""},"class_list":["post-1499","page","type-page","status-publish","hentry"],"_links":{"self":[{"href":"https:\/\/dkhk.org\/wp\/willkommen\/index.php?rest_route=\/wp\/v2\/pages\/1499"}],"collection":[{"href":"https:\/\/dkhk.org\/wp\/willkommen\/index.php?rest_route=\/wp\/v2\/pages"}],"about":[{"href":"https:\/\/dkhk.org\/wp\/willkommen\/index.php?rest_route=\/wp\/v2\/types\/page"}],"author":[{"embeddable":true,"href":"https:\/\/dkhk.org\/wp\/willkommen\/index.php?rest_route=\/wp\/v2\/users\/1"}],"replies":[{"embeddable":true,"href":"https:\/\/dkhk.org\/wp\/willkommen\/index.php?rest_route=%2Fwp%2Fv2%2Fcomments&post=1499"}],"version-history":[{"count":73,"href":"https:\/\/dkhk.org\/wp\/willkommen\/index.php?rest_route=\/wp\/v2\/pages\/1499\/revisions"}],"predecessor-version":[{"id":2292,"href":"https:\/\/dkhk.org\/wp\/willkommen\/index.php?rest_route=\/wp\/v2\/pages\/1499\/revisions\/2292"}],"wp:attachment":[{"href":"https:\/\/dkhk.org\/wp\/willkommen\/index.php?rest_route=%2Fwp%2Fv2%2Fmedia&parent=1499"}],"curies":[{"name":"wp","href":"https:\/\/api.w.org\/{rel}","templated":true}]}}