{"id":539,"date":"2019-04-04T13:14:11","date_gmt":"2019-04-04T05:14:11","guid":{"rendered":"https:\/\/dkhk.org\/wp\/willkommen\/?page_id=539"},"modified":"2023-08-23T12:48:01","modified_gmt":"2023-08-23T04:48:01","slug":"impressum","status":"publish","type":"page","link":"https:\/\/dkhk.org\/wp\/willkommen\/?page_id=539","title":{"rendered":"Impressum"},"content":{"rendered":"\t\t<div data-elementor-type=\"wp-post\" data-elementor-id=\"539\" class=\"elementor elementor-539\">\n\t\t\t\t\t\t<section class=\"elementor-section elementor-top-section elementor-element elementor-element-daa00ae elementor-section-boxed elementor-section-height-default elementor-section-height-default\" data-id=\"daa00ae\" data-element_type=\"section\">\n\t\t\t\t\t\t<div class=\"elementor-container elementor-column-gap-default\">\n\t\t\t\t\t<div class=\"elementor-column elementor-col-100 elementor-top-column elementor-element elementor-element-56d0c14\" data-id=\"56d0c14\" data-element_type=\"column\">\n\t\t\t<div class=\"elementor-widget-wrap elementor-element-populated\">\n\t\t\t\t\t\t<div class=\"elementor-element elementor-element-c26a189 elementor-widget elementor-widget-heading\" data-id=\"c26a189\" data-element_type=\"widget\" data-widget_type=\"heading.default\">\n\t\t\t\t<div class=\"elementor-widget-container\">\n\t\t\t<h1 class=\"elementor-heading-title elementor-size-default\">Impressum<\/h1>\t\t<\/div>\n\t\t\t\t<\/div>\n\t\t\t\t\t<\/div>\n\t\t<\/div>\n\t\t\t\t\t<\/div>\n\t\t<\/section>\n\t\t\t\t<section class=\"elementor-section elementor-top-section elementor-element elementor-element-6f19c2b elementor-section-boxed elementor-section-height-default elementor-section-height-default\" data-id=\"6f19c2b\" data-element_type=\"section\">\n\t\t\t\t\t\t<div class=\"elementor-container elementor-column-gap-default\">\n\t\t\t\t\t<div class=\"elementor-column elementor-col-50 elementor-top-column elementor-element elementor-element-9d47800\" data-id=\"9d47800\" data-element_type=\"column\">\n\t\t\t<div class=\"elementor-widget-wrap elementor-element-populated\">\n\t\t\t\t\t\t<div class=\"elementor-element elementor-element-5bb4e3b elementor-widget elementor-widget-text-editor\" data-id=\"5bb4e3b\" data-element_type=\"widget\" data-widget_type=\"text-editor.default\">\n\t\t\t\t<div class=\"elementor-widget-container\">\n\t\t\t\t\t\t\t<p><strong>Kontakt:\u00a0<\/strong> \u00a0 \u00a0\u00a0<a href=\"mailto:sekretariat@dkhk.org\">sekretariat@dkhk.org<\/a>;\u00a0 \u00a0 \u00a0\u00a0<a href=\"mailto:pfarrer@dkhk.org\">pfarrer@dkhk.org<\/a><\/p><p>Inhaltlich verantwortlich gem\u00e4\u00df \u00a75 TMG und \u00a755 Abs. 2 RStV: <br \/><span style=\"font-size: 15px;\">Lettau Bjoern<\/span><\/p><p><strong>Adresse:<\/strong> <br \/>German-Speaking Catholic Congregation<br \/>Catholic Diocese Centre<br \/>Room 887<br \/>16 Caine Road<br \/>Mid-Levels<br \/>Hongkong (SAR)<\/p><p>Fotos und Texte sind Privateigentum der Deutschsprachigen Katholischen Gemeinde Hong Kong oder wurden von Privatpersonen zur Verf\u00fcgung gestellt und d\u00fcrfen ohne schriftliche Genehmigung nicht verwendet werden.\u00a0<\/p><p class=\"paragraph_style_1\"><strong>Haftungshinweis:<\/strong><br \/>Trotz sorgf\u00e4ltiger inhaltlicher Kontrolle \u00fcbernehmen wir keine Haftung f\u00fcr die Inhalte externer Links. F\u00fcr den Inhalt der verlinkten Seiten sind ausschlie\u00dflich deren Betreiber verantworlich.<\/p>\t\t\t\t\t\t<\/div>\n\t\t\t\t<\/div>\n\t\t\t\t\t<\/div>\n\t\t<\/div>\n\t\t\t\t<div class=\"elementor-column elementor-col-50 elementor-top-column elementor-element elementor-element-7ae4c11\" data-id=\"7ae4c11\" data-element_type=\"column\">\n\t\t\t<div class=\"elementor-widget-wrap elementor-element-populated\">\n\t\t\t\t\t\t<div class=\"elementor-element elementor-element-2aab90b elementor-widget elementor-widget-text-editor\" data-id=\"2aab90b\" data-element_type=\"widget\" data-widget_type=\"text-editor.default\">\n\t\t\t\t<div class=\"elementor-widget-container\">\n\t\t\t\t\t\t\t<p><em><strong>Contact:\u00a0<\/strong> \u00a0 \u00a0\u00a0<a href=\"mailto:sekretariat@dkhk.org\">sekretariat@dkhk.org<\/a>;\u00a0 \u00a0 \u00a0\u00a0<a href=\"mailto:pfarrer@dkhk.org\">pfarrer@dkhk.org<\/a><\/em><\/p><p><em style=\"font-size: 15px;\">Responsible for content according to \u00a75 TMG and \u00a755 Abs. 2 RStV: <br \/><\/em><em style=\"font-size: 15px;\">Lettau Bjoern<\/em><\/p><p><em><strong>Address:<\/strong> <\/em><br \/><em>German-Speaking Catholic Congregation<\/em><br \/><em>Catholic Diocese Centre<\/em><br \/><em>Room 887<\/em><br \/><em>16 Caine Road<\/em><br \/><em>Mid-Levels<\/em><br \/><em>Hongkong (SAR)<\/em><\/p><p><i style=\"font-weight: inherit;\">Photos and texts are property of the German-Speaking Catholic Congregation Hong Kong or were provided by private individuals and may not be used without their prior written permission.\u00a0<\/i><\/p><p class=\"paragraph_style_1\"><i><strong>Note on liability:<\/strong><br \/><span style=\"font-weight: inherit;\">Despite careful control of the site content we are not liable for the content of external links. The responsibility for the content of linked sites lies with their owners.<\/span><\/i><\/p>\t\t\t\t\t\t<\/div>\n\t\t\t\t<\/div>\n\t\t\t\t\t<\/div>\n\t\t<\/div>\n\t\t\t\t\t<\/div>\n\t\t<\/section>\n\t\t\t\t<\/div>\n\t\t","protected":false},"excerpt":{"rendered":"<p>Impressum Kontakt:\u00a0 \u00a0 \u00a0\u00a0sekretariat@dkhk.org;\u00a0 \u00a0 \u00a0\u00a0pfarrer@dkhk.org Inhaltlich verantwortlich gem\u00e4\u00df \u00a75 TMG und \u00a755 Abs. 2 RStV: Lettau Bjoern Adresse: German-Speaking Catholic CongregationCatholic Diocese CentreRoom 88716 Caine RoadMid-LevelsHongkong (SAR) Fotos und Texte sind Privateigentum der Deutschsprachigen Katholischen Gemeinde Hong Kong oder wurden von Privatpersonen zur Verf\u00fcgung gestellt und d\u00fcrfen ohne schriftliche Genehmigung nicht verwendet werden.\u00a0 Haftungshinweis:Trotz [&hellip;]<\/p>\n","protected":false},"author":1,"featured_media":0,"parent":0,"menu_order":0,"comment_status":"closed","ping_status":"closed","template":"elementor_header_footer","meta":{"_et_pb_use_builder":"","_et_pb_old_content":"","_et_gb_content_width":"","footnotes":""},"class_list":["post-539","page","type-page","status-publish","hentry"],"_links":{"self":[{"href":"https:\/\/dkhk.org\/wp\/willkommen\/index.php?rest_route=\/wp\/v2\/pages\/539"}],"collection":[{"href":"https:\/\/dkhk.org\/wp\/willkommen\/index.php?rest_route=\/wp\/v2\/pages"}],"about":[{"href":"https:\/\/dkhk.org\/wp\/willkommen\/index.php?rest_route=\/wp\/v2\/types\/page"}],"author":[{"embeddable":true,"href":"https:\/\/dkhk.org\/wp\/willkommen\/index.php?rest_route=\/wp\/v2\/users\/1"}],"replies":[{"embeddable":true,"href":"https:\/\/dkhk.org\/wp\/willkommen\/index.php?rest_route=%2Fwp%2Fv2%2Fcomments&post=539"}],"version-history":[{"count":13,"href":"https:\/\/dkhk.org\/wp\/willkommen\/index.php?rest_route=\/wp\/v2\/pages\/539\/revisions"}],"predecessor-version":[{"id":2557,"href":"https:\/\/dkhk.org\/wp\/willkommen\/index.php?rest_route=\/wp\/v2\/pages\/539\/revisions\/2557"}],"wp:attachment":[{"href":"https:\/\/dkhk.org\/wp\/willkommen\/index.php?rest_route=%2Fwp%2Fv2%2Fmedia&parent=539"}],"curies":[{"name":"wp","href":"https:\/\/api.w.org\/{rel}","templated":true}]}}